{"id":817,"date":"2025-12-02T14:48:31","date_gmt":"2025-12-02T13:48:31","guid":{"rendered":"https:\/\/www.island-collective.com\/?page_id=817"},"modified":"2026-01-28T10:19:27","modified_gmt":"2026-01-28T09:19:27","slug":"imprint","status":"publish","type":"page","link":"https:\/\/www.island-collective.com\/de\/imprint\/","title":{"rendered":"imprint"},"content":{"rendered":"<div data-elementor-type=\"wp-page\" data-elementor-id=\"817\" class=\"elementor elementor-817\" data-elementor-post-type=\"page\">\n\t\t\t\t<div class=\"elementor-element elementor-element-10bb340 e-flex e-con-boxed e-con e-parent\" data-id=\"10bb340\" data-element_type=\"container\" data-e-type=\"container\">\n\t\t\t\t\t<div class=\"e-con-inner\">\n\t\t\t\t<div class=\"elementor-element elementor-element-e50d13a elementor-widget elementor-widget-heading\" data-id=\"e50d13a\" data-element_type=\"widget\" data-e-type=\"widget\" data-widget_type=\"heading.default\">\n\t\t\t\t<div class=\"elementor-widget-container\">\n\t\t\t\t\t<h1 class=\"elementor-heading-title elementor-size-default\">Imprint<\/h1>\t\t\t\t<\/div>\n\t\t\t\t<\/div>\n\t\t\t\t<div class=\"elementor-element elementor-element-43e5c1c elementor-widget elementor-widget-text-editor\" data-id=\"43e5c1c\" data-element_type=\"widget\" data-e-type=\"widget\" data-widget_type=\"text-editor.default\">\n\t\t\t\t<div class=\"elementor-widget-container\">\n\t\t\t\t\t\t\t\t\t<p><strong>Angaben gem\u00e4\u00df \u00a75 DDG<\/strong><\/p><p>Island Collective GmbH<br \/>Clemens-Schultz-Str. 70<br \/>20359 Hamburg \/ Germany<\/p><p>Vertreten durch:<br \/>Florian Laudon<\/p><p><strong>Kontakt<\/strong><\/p><p>Telefon: +49(0)40 3344210 10<br \/>E-Mail: you@island-collective.com<\/p><p>Eintragung im Handelsregister<br \/>Registergericht: Hamburg<br \/>Registernummer: HRB 137043<\/p><p>Umsatzsteuer-Identifikationsnummer gem\u00e4\u00df \u00a727 a Umsatzsteuergesetz: DE300665911<\/p><p>D&amp;B D-U-N-S Nummer: 313501057<\/p><p><strong>Haftungsausschluss<\/strong><\/p><p><strong>Haftung f\u00fcr Inhalte<\/strong><\/p><p>Als Diensteanbieter sind wir f\u00fcr eigene Inhalte nach den allgemeinen Gesetzen verantwortlich. Eine Haftung f\u00fcr fremde Informationen richtet sich nach den gesetzlichen Vorschriften, insbesondere \u00a7 7 DDG i. V. m. den Vorgaben des Digital Services Act (DSA).\u00a0Verpflichtungen zur Entfernung oder Sperrung der Nutzung von Informationen nach den allgemeinen Gesetzen bleiben hiervon unber\u00fchrt. Eine diesbez\u00fcgliche Haftung ist erst ab Kenntnis einer konkreten Rechtsverletzung m\u00f6glich. Bei Bekanntwerden entsprechender Rechtsverletzungen entfernen wir diese Inhalte unverz\u00fcglich.<\/p><p><strong>Haftung f\u00fcr Links<\/strong><br \/>Das von uns ver\u00f6ffentlichet Angebot enth\u00e4lt Links zu externen Internetseiten Dritter, auf deren inhaltliche Ausgestaltung wir keinen Einfluss haben. Aus diesem Grund k\u00f6nnen wir f\u00fcr diese fremden Inhalte von Dritten auch keine Garantie \u00fcbernehmen. F\u00fcr die Inhalte der verlinkten Seiten ist stets der jeweilige Anbieter oder Betreiber der Internetseiten verantwortlich. Die von uns verlinkten Seiten wurden zum Zeitpunkt der Linksetzung auf m\u00f6gliche Rechtsverst\u00f6\u00dfe \u00fcberpr\u00fcft. Zum Zeitpunkt der Verlinkung waren keine Rechtswidrigen Inhalte erkennbar. Eine dauerhafte inhaltliche Kontrolle der verlinkten Seiten ist jedoch ohne konkrete Anhaltspunkte eines Rechtsversto\u00dfes nicht zumutbar. Bei Bekanntwerden von Rechtsverletzungen werden wir derartige Links sofort entfernen.<\/p><p><strong>Urheberrecht<\/strong><br \/>Die Inhalte und Werke die durch die Seitenbetreiber auf diesen Seiten erstellt wurden unterliegen dem deutschen Urheberrecht. Die Verbreitung, Vervielf\u00e4ltigung, Bearbeitung und jegliche Art der Verwertung au\u00dferhalb des Rahmens des Urheberrechtes bed\u00fcrfen der ausdr\u00fccklichen schriftlichen Zustimmung des jeweiligen Autors bzw. Urhebers. Kopien und Downloads dieser Internetseite sind nur f\u00fcr den nicht kommerziellen und privaten Gebrauch gestattet. Sollten die Inhalte auf dieser Seite nicht vom Betreiber selbst erstellt worden sein, werden die Urheberrechte Dritter beachtet. Insbesondere werden die Inhalte Dritter auch als solche gekennzeichnet. Sollten Sie trotzdem von einer Urheberrechtsverletzung Kenntnis erlangen, bitten wir um einen entsprechenden Hinweis. Bei Bekanntwerden von Rechtsverst\u00f6\u00dfen werden wir derartige Inhalte unverz\u00fcglich entfernen.<\/p>\t\t\t\t\t\t\t\t<\/div>\n\t\t\t\t<\/div>\n\t\t\t\t\t<\/div>\n\t\t\t\t<\/div>\n\t\t\t\t<\/div>","protected":false},"excerpt":{"rendered":"<p>Imprint Angaben gem\u00e4\u00df \u00a75 DDG Island Collective GmbHClemens-Schultz-Str. 7020359 Hamburg \/ Germany Vertreten durch:Florian Laudon Kontakt Telefon: +49(0)40 3344210 10E-Mail: you@island-collective.com Eintragung im HandelsregisterRegistergericht: HamburgRegisternummer: HRB 137043 Umsatzsteuer-Identifikationsnummer gem\u00e4\u00df \u00a727 a Umsatzsteuergesetz: DE300665911 D&amp;B D-U-N-S Nummer: 313501057 Haftungsausschluss Haftung f\u00fcr Inhalte Als Diensteanbieter sind wir f\u00fcr eigene Inhalte nach den allgemeinen Gesetzen verantwortlich. Eine Haftung [&hellip;]<\/p>\n","protected":false},"author":1,"featured_media":0,"parent":0,"menu_order":0,"comment_status":"closed","ping_status":"closed","template":"elementor_header_footer","meta":{"footnotes":""},"folder":[],"class_list":["post-817","page","type-page","status-publish","hentry"],"_links":{"self":[{"href":"https:\/\/www.island-collective.com\/de\/wp-json\/wp\/v2\/pages\/817","targetHints":{"allow":["GET"]}}],"collection":[{"href":"https:\/\/www.island-collective.com\/de\/wp-json\/wp\/v2\/pages"}],"about":[{"href":"https:\/\/www.island-collective.com\/de\/wp-json\/wp\/v2\/types\/page"}],"author":[{"embeddable":true,"href":"https:\/\/www.island-collective.com\/de\/wp-json\/wp\/v2\/users\/1"}],"replies":[{"embeddable":true,"href":"https:\/\/www.island-collective.com\/de\/wp-json\/wp\/v2\/comments?post=817"}],"version-history":[{"count":10,"href":"https:\/\/www.island-collective.com\/de\/wp-json\/wp\/v2\/pages\/817\/revisions"}],"predecessor-version":[{"id":2107,"href":"https:\/\/www.island-collective.com\/de\/wp-json\/wp\/v2\/pages\/817\/revisions\/2107"}],"wp:attachment":[{"href":"https:\/\/www.island-collective.com\/de\/wp-json\/wp\/v2\/media?parent=817"}],"wp:term":[{"taxonomy":"folder","embeddable":true,"href":"https:\/\/www.island-collective.com\/de\/wp-json\/wp\/v2\/folder?post=817"}],"curies":[{"name":"wp","href":"https:\/\/api.w.org\/{rel}","templated":true}]}}